{"id":73,"date":"2023-12-09T17:37:39","date_gmt":"2023-12-09T17:37:39","guid":{"rendered":"https:\/\/ranking.com.ve\/wordpress\/?page_id=73"},"modified":"2026-02-03T19:47:30","modified_gmt":"2026-02-03T23:47:30","slug":"medicion-blanca-beltral-junio-2023","status":"publish","type":"page","link":"https:\/\/ranking.com.ve\/index.php\/medicion-blanca-beltral-junio-2023\/","title":{"rendered":"OCR SEFIT RACE 2023"},"content":{"rendered":"\t\t<div data-elementor-type=\"wp-page\" data-elementor-id=\"73\" class=\"elementor elementor-73\">\n\t\t\t\t<div class=\"elementor-element elementor-element-9179768 e-flex e-con-boxed e-con e-parent\" data-id=\"9179768\" data-element_type=\"container\" data-e-type=\"container\">\n\t\t\t\t\t<div class=\"e-con-inner\">\n\t\t\t\t<div class=\"elementor-element elementor-element-97d94f6 elementor-arrows-position-inside elementor-pagination-position-outside elementor-widget elementor-widget-image-carousel\" data-id=\"97d94f6\" data-element_type=\"widget\" data-e-type=\"widget\" data-settings=\"{&quot;slides_to_show&quot;:&quot;1&quot;,&quot;pause_on_hover&quot;:&quot;no&quot;,&quot;pause_on_interaction&quot;:&quot;no&quot;,&quot;navigation&quot;:&quot;both&quot;,&quot;autoplay&quot;:&quot;yes&quot;,&quot;autoplay_speed&quot;:5000,&quot;infinite&quot;:&quot;yes&quot;,&quot;effect&quot;:&quot;slide&quot;,&quot;speed&quot;:500}\" data-widget_type=\"image-carousel.default\">\n\t\t\t\t<div class=\"elementor-widget-container\">\n\t\t\t\t\t\t\t<div class=\"elementor-image-carousel-wrapper swiper\" role=\"region\" aria-roledescription=\"carousel\" aria-label=\"Carrusel de im\u00e1genes\" dir=\"ltr\">\n\t\t\t<div class=\"elementor-image-carousel swiper-wrapper\" aria-live=\"off\">\n\t\t\t\t\t\t\t\t<div class=\"swiper-slide\" role=\"group\" aria-roledescription=\"slide\" aria-label=\"1 de 2\"><figure class=\"swiper-slide-inner\"><img decoding=\"async\" class=\"swiper-slide-image\" src=\"https:\/\/ranking.com.ve\/wp-content\/uploads\/2023\/12\/350640758_964946111414006_6816850178727738909_n-150x150.jpg\" alt=\"350640758_964946111414006_6816850178727738909_n\" \/><\/figure><\/div><div class=\"swiper-slide\" role=\"group\" aria-roledescription=\"slide\" aria-label=\"2 de 2\"><figure class=\"swiper-slide-inner\"><img decoding=\"async\" class=\"swiper-slide-image\" src=\"https:\/\/ranking.com.ve\/wp-content\/uploads\/2024\/01\/cropped-logo-e1705965497688-150x94.png\" alt=\"logo\" \/><\/figure><\/div>\t\t\t<\/div>\n\t\t\t\t\t\t\t\t\t\t\t\t<div class=\"elementor-swiper-button elementor-swiper-button-prev\" role=\"button\" tabindex=\"0\">\n\t\t\t\t\t\t<svg aria-hidden=\"true\" class=\"e-font-icon-svg e-eicon-chevron-left\" viewBox=\"0 0 1000 1000\" xmlns=\"http:\/\/www.w3.org\/2000\/svg\"><path d=\"M646 125C629 125 613 133 604 142L308 442C296 454 292 471 292 487 292 504 296 521 308 533L604 854C617 867 629 875 646 875 663 875 679 871 692 858 704 846 713 829 713 812 713 796 708 779 692 767L438 487 692 225C700 217 708 204 708 187 708 171 704 154 692 142 675 129 663 125 646 125Z\"><\/path><\/svg>\t\t\t\t\t<\/div>\n\t\t\t\t\t<div class=\"elementor-swiper-button elementor-swiper-button-next\" role=\"button\" tabindex=\"0\">\n\t\t\t\t\t\t<svg aria-hidden=\"true\" class=\"e-font-icon-svg e-eicon-chevron-right\" viewBox=\"0 0 1000 1000\" xmlns=\"http:\/\/www.w3.org\/2000\/svg\"><path d=\"M696 533C708 521 713 504 713 487 713 471 708 454 696 446L400 146C388 133 375 125 354 125 338 125 325 129 313 142 300 154 292 171 292 187 292 204 296 221 308 233L563 492 304 771C292 783 288 800 288 817 288 833 296 850 308 863 321 871 338 875 354 875 371 875 388 867 400 854L696 533Z\"><\/path><\/svg>\t\t\t\t\t<\/div>\n\t\t\t\t\n\t\t\t\t\t\t\t\t\t<div class=\"swiper-pagination\"><\/div>\n\t\t\t\t\t\t\t\t\t<\/div>\n\t\t\t\t\t\t<\/div>\n\t\t\t\t<\/div>\n\t\t\t\t\t<\/div>\n\t\t\t\t<\/div>\n\t\t<div class=\"elementor-element elementor-element-c906670 e-con-full e-flex e-con e-parent\" data-id=\"c906670\" data-element_type=\"container\" data-e-type=\"container\">\n\t\t\t\t<div class=\"elementor-element elementor-element-4e764a17 elementor-widget__width-inherit elementor-widget-mobile__width-inherit elementor-widget elementor-widget-text-editor\" data-id=\"4e764a17\" data-element_type=\"widget\" data-e-type=\"widget\" data-widget_type=\"text-editor.default\">\n\t\t\t\t<div class=\"elementor-widget-container\">\n\t\t\t\t\t\t\t\t\t\n<figure class=\"wp-block-image size-large\"><img fetchpriority=\"high\" decoding=\"async\" width=\"819\" height=\"1024\" class=\"wp-image-95\" src=\"https:\/\/ranking.com.ve\/wordpress\/wp-content\/uploads\/2023\/12\/350640758_964946111414006_6816850178727738909_n-819x1024.jpg\" alt=\"\" srcset=\"https:\/\/ranking.com.ve\/wp-content\/uploads\/2023\/12\/350640758_964946111414006_6816850178727738909_n-819x1024.jpg 819w, https:\/\/ranking.com.ve\/wp-content\/uploads\/2023\/12\/350640758_964946111414006_6816850178727738909_n-240x300.jpg 240w, https:\/\/ranking.com.ve\/wp-content\/uploads\/2023\/12\/350640758_964946111414006_6816850178727738909_n-768x960.jpg 768w, https:\/\/ranking.com.ve\/wp-content\/uploads\/2023\/12\/350640758_964946111414006_6816850178727738909_n.jpg 937w\" sizes=\"(max-width: 819px) 100vw, 819px\" \/><\/figure>\n<style>\n\t#marco_exterio_tabla{\n\t\twidth:100%;\n\t}\n\t#marco_tabla {\n\t\twidth:100%; height:250px; overflow-x:auto; margin-top:20px;\n\t}\n\t@media screen and (max-width: 600px) {\n       table {\n\t\t   height:250px;\n           width:100%;\n\t\t   overflow: auto;\n\t\t   display:block;\n       }\n       thead {\n           display: none;\n\t\t   text-align:center;\n       }\n       tr:nth-of-type(2n) {\n           background-color: inherit;\n       }\n       tr td:first-child {\n           background: #f0f0f0;\n           font-weight:bold;\n           font-size:1.3em;\n       }\n       tbody td {\n\t\t  text-align:center;\n       }\n       tbody td:before {\n           content: attr(data-th);\n           display: block;\n           text-align:center;\n       }\n}<\/p>\n<\/style>\n<div id-marco_exterior_tabla>\n<div id=marco_tabla>\n<table  id=resultado_evento>\n<tr>\n<th>Nombre Atleta<\/th>\n<th>Genero<\/th>\n<th>Categoria<\/th>\n<th>Tiempo 1<\/th>\n<\/tr>\n<tr>\n<td>Aizquel Morayma Rodriguez Moreno<\/td>\n<td>Femenino<\/td>\n<td>MASTER C       <\/td>\n<td>01:12:45<\/td>\n<\/tr>\n<tr>\n<td>Alba Su\u012frez Roa<\/td>\n<td>Femenino<\/td>\n<td>SUBMASTER      <\/td>\n<td>01:41:34<\/td>\n<\/tr>\n<tr>\n<td>Alcides Rafael  Nu\u0144ez medina<\/td>\n<td>Masculino<\/td>\n<td>SUBMASTER      <\/td>\n<td>00:37:22<\/td>\n<\/tr>\n<tr>\n<td>Alexis Jos\u00e9  Lozada <\/td>\n<td>Masculino<\/td>\n<td>MASTER C       <\/td>\n<td>01:14:13<\/td>\n<\/tr>\n<tr>\n<td>Ana Gabriela Lozada Sierra<\/td>\n<td>Femenino<\/td>\n<td>LIBRE          <\/td>\n<td>01:21:39<\/td>\n<\/tr>\n<tr>\n<td>Anabelis Caraballo<\/td>\n<td>Femenino<\/td>\n<td>SUBMASTER      <\/td>\n<td>01:06:45<\/td>\n<\/tr>\n<tr>\n<td>Andrea Valentina Mogollon Salero<\/td>\n<td>Femenino<\/td>\n<td>JUVENIL        <\/td>\n<td>01:18:57<\/td>\n<\/tr>\n<tr>\n<td>Andri Dimara  Hern\u012fndez Moreno <\/td>\n<td>Femenino<\/td>\n<td>MASTER A       <\/td>\n<td>00:42:45<\/td>\n<\/tr>\n<tr>\n<td>Andrix Alexander Garcia Vega<\/td>\n<td>Masculino<\/td>\n<td>SUBMASTER      <\/td>\n<td>00:57:22<\/td>\n<\/tr>\n<tr>\n<td>Andys yoneys Suarez Eapinoza<\/td>\n<td>Masculino<\/td>\n<td>LIBRE          <\/td>\n<td>01:47:30<\/td>\n<\/tr>\n<tr>\n<td>Angel Alejandro  Aular S\u012fnchez <\/td>\n<td>Masculino<\/td>\n<td>LIBRE          <\/td>\n<td>01:03:14<\/td>\n<\/tr>\n<tr>\n<td>Angel Gabriel  Fern\u012fndez Navarro<\/td>\n<td>Masculino<\/td>\n<td>JUVENIL<\/td>\n<td>01:32:42<\/td>\n<\/tr>\n<tr>\n<td>Benyami Efrain  Pinto Meza<\/td>\n<td>Masculino<\/td>\n<td>LIBRE          <\/td>\n<td>01:40:39<\/td>\n<\/tr>\n<tr>\n<td>Brayham Alexander Soteldo Lopez<\/td>\n<td>Masculino<\/td>\n<td>LIBRE          <\/td>\n<td>00:59:02<\/td>\n<\/tr>\n<tr>\n<td>Brian Josu\u00e9  Rodr\u0137guez Campas<\/td>\n<td>Masculino<\/td>\n<td>LIBRE          <\/td>\n<td>01:11:49<\/td>\n<\/tr>\n<tr>\n<td>Carla Andreina Zamora Polanco<\/td>\n<td>Femenino<\/td>\n<td>LIBRE          <\/td>\n<td>01:04:55<\/td>\n<\/tr>\n<tr>\n<td>Carlos Eduardo Cadenas Rom\u012fn <\/td>\n<td>Masculino<\/td>\n<td>MASTER C       <\/td>\n<td>01:19:52<\/td>\n<\/tr>\n<tr>\n<td>Dalila Ysidra Lira de Gonzalez<\/td>\n<td>Femenino<\/td>\n<td>MASTER C       <\/td>\n<td>01:35:23<\/td>\n<\/tr>\n<tr>\n<td>David Enrique Garc\u0137a Morales <\/td>\n<td>Masculino<\/td>\n<td>MASTER A<\/td>\n<td>01:29:45<\/td>\n<\/tr>\n<tr>\n<td>David Jos\u00e9  Gudi\u0144o G\u00f3mez <\/td>\n<td>Masculino<\/td>\n<td>JUVENIL<\/td>\n<td>01:12:34<\/td>\n<\/tr>\n<tr>\n<td>Deiris Alejandra  Ortiz Su\u012frez <\/td>\n<td>Femenino<\/td>\n<td>SUBMASTER      <\/td>\n<td>01:05:49<\/td>\n<\/tr>\n<tr>\n<td>Deivi Antonio Castillo Lugo<\/td>\n<td>Masculino<\/td>\n<td>SUBMASTER      <\/td>\n<td>01:23:49<\/td>\n<\/tr>\n<tr>\n<td>Denis  Vergel Quintero <\/td>\n<td>Femenino<\/td>\n<td>SUBMASTER      <\/td>\n<td>01:22:15<\/td>\n<\/tr>\n<tr>\n<td>Deyuis Yasterzemski Ruiz contreras<\/td>\n<td>Masculino<\/td>\n<td>SUBMASTER      <\/td>\n<td>01:08:01<\/td>\n<\/tr>\n<tr>\n<td>Diana Carolina Corvo Perez <\/td>\n<td>Femenino<\/td>\n<td>SUBMASTER      <\/td>\n<td>01:22:39<\/td>\n<\/tr>\n<tr>\n<td>Diego Javier  Carbajal Becerra <\/td>\n<td>Masculino<\/td>\n<td>LIBRE<\/td>\n<td>01:08:39<\/td>\n<\/tr>\n<tr>\n<td>Dioner Antonio Navarro Chaparro<\/td>\n<td>Masculino<\/td>\n<td>JUVENIL        <\/td>\n<td>01:17:26<\/td>\n<\/tr>\n<tr>\n<td>Douglas Correa perez<\/td>\n<td>Masculino<\/td>\n<td>LIBRE          <\/td>\n<td>01:41:19<\/td>\n<\/tr>\n<tr>\n<td>Edith Alicia  Mangarre Lobo<\/td>\n<td>Femenino<\/td>\n<td>MASTER C       <\/td>\n<td>01:26:03<\/td>\n<\/tr>\n<tr>\n<td>Egwin Jos\u00e9  Torrez castellanos <\/td>\n<td>Masculino<\/td>\n<td>LIBRE          <\/td>\n<td>01:31:43<\/td>\n<\/tr>\n<tr>\n<td>Enif Adhara  Alvarado Peinado <\/td>\n<td>Femenino<\/td>\n<td>SUBMASTER      <\/td>\n<td>00:55:32<\/td>\n<\/tr>\n<tr>\n<td>Eudys  Gomez<\/td>\n<td>Femenino<\/td>\n<td>MASTER A       <\/td>\n<td>00:53:14<\/td>\n<\/tr>\n<tr>\n<td>Evencio Jos\u00e9  Mora Ospedales <\/td>\n<td>Masculino<\/td>\n<td>MASTER A       <\/td>\n<td>00:43:45<\/td>\n<\/tr>\n<tr>\n<td>Fabiana Ines  Salazar infante <\/td>\n<td>Femenino<\/td>\n<td>LIBRE          <\/td>\n<td>01:31:50<\/td>\n<\/tr>\n<tr>\n<td>Fabiola Del Carmen Vielma Cortez<\/td>\n<td>Femenino<\/td>\n<td>SUBMASTER<\/td>\n<td>01:46:32<\/td>\n<\/tr>\n<tr>\n<td>Fernanda Antonella  Guti\u00e9rrez <\/td>\n<td>Femenino<\/td>\n<td>JUVENIL        <\/td>\n<td>01:11:09<\/td>\n<\/tr>\n<tr>\n<td>Gabriel Antonio P\u00e9rez Camu\u0144az<\/td>\n<td>Masculino<\/td>\n<td>LIBRE          <\/td>\n<td>00:35:39<\/td>\n<\/tr>\n<tr>\n<td>G\u00e9nesis carolina Alvarez lievalo<\/td>\n<td>Femenino<\/td>\n<td>LIBRE          <\/td>\n<td>01:17:48<\/td>\n<\/tr>\n<tr>\n<td>Henry josue Obispo fernandez <\/td>\n<td>Masculino<\/td>\n<td>LIBRE<\/td>\n<td>01:22:11<\/td>\n<\/tr>\n<tr>\n<td>Horllyn Ariolis  Morales Martinez<\/td>\n<td>Femenino<\/td>\n<td>MASTER A       <\/td>\n<td>01:27:11<\/td>\n<\/tr>\n<tr>\n<td>Iker Argenis  Ramirez Escalante <\/td>\n<td>Masculino<\/td>\n<td>LIBRE          <\/td>\n<td>01:26:24<\/td>\n<\/tr>\n<tr>\n<td>Isandrivelly angelica Pineda linares<\/td>\n<td>Femenino<\/td>\n<td>LIBRE          <\/td>\n<td>01:35:13<\/td>\n<\/tr>\n<tr>\n<td>Ismal dailin  Caldera chirinos<\/td>\n<td>Femenino<\/td>\n<td>LIBRE          <\/td>\n<td>00:31:57<\/td>\n<\/tr>\n<tr>\n<td>Jean Carlos Moreno Ram\u0137rez<\/td>\n<td>Masculino<\/td>\n<td>LIBRE          <\/td>\n<td>01:40:19<\/td>\n<\/tr>\n<tr>\n<td>Jes\u015bs Alexander Parra Jovito<\/td>\n<td>Masculino<\/td>\n<td>LIBRE          <\/td>\n<td>01:34:12<\/td>\n<\/tr>\n<tr>\n<td>Jes\u015bs Daniel  Colmenares S\u012fnchez <\/td>\n<td>Masculino<\/td>\n<td>JUVENIL<\/td>\n<td>01:43:42<\/td>\n<\/tr>\n<tr>\n<td>Jesus Manuel  Molina Garc\u0137a <\/td>\n<td>Masculino<\/td>\n<td>LIBRE<\/td>\n<td>01:42:13<\/td>\n<\/tr>\n<tr>\n<td>Jhoanny oswaldo Alcira navarro<\/td>\n<td>Masculino<\/td>\n<td>SUBMASTER      <\/td>\n<td>01:01:48<\/td>\n<\/tr>\n<tr>\n<td>Jhonny Jos\u00e9  Quevedo palacios <\/td>\n<td>Masculino<\/td>\n<td>SUBMASTER      <\/td>\n<td>01:25:34<\/td>\n<\/tr>\n<tr>\n<td>Jhovany Andre Diaz Ramirez<\/td>\n<td>Masculino<\/td>\n<td>JUVENIL<\/td>\n<td>00:55:36<\/td>\n<\/tr>\n<tr>\n<td>Johan  Villamizar <\/td>\n<td>Masculino<\/td>\n<td>MASTER A       <\/td>\n<td>01:19:45<\/td>\n<\/tr>\n<tr>\n<td>Jonathan Rene Lara cendron<\/td>\n<td>Masculino<\/td>\n<td>SUBMASTER      <\/td>\n<td>00:33:55<\/td>\n<\/tr>\n<tr>\n<td>Jorge Luis  Pedron abreu <\/td>\n<td>Masculino<\/td>\n<td>SUBMASTER      <\/td>\n<td>01:40:24<\/td>\n<\/tr>\n<tr>\n<td>Jos\u00e9 Alejandro  Medina, Hern\u012fndez <\/td>\n<td>Masculino<\/td>\n<td>LIBRE          <\/td>\n<td>01:34:58<\/td>\n<\/tr>\n<tr>\n<td>Jose Angel  Rivas Bueno<\/td>\n<td>Masculino<\/td>\n<td>LIBRE          <\/td>\n<td>01:46:22<\/td>\n<\/tr>\n<tr>\n<td>Jos\u00e9 Antonio  Lozada castillo<\/td>\n<td>Masculino<\/td>\n<td>SUBMASTER      <\/td>\n<td>01:46:23<\/td>\n<\/tr>\n<tr>\n<td>Jos\u00e9 Ignacio Valera<\/td>\n<td>Masculino<\/td>\n<td>MASTER C       <\/td>\n<td>01:22:32<\/td>\n<\/tr>\n<tr>\n<td>Jos\u00e9 Manuel  Urdaneta lobo<\/td>\n<td>Masculino<\/td>\n<td>SUBMASTER<\/td>\n<td>00:41:47<\/td>\n<\/tr>\n<tr>\n<td>Juan Andr\u00e9s  Chac\u00f3n Rodr\u0137guez <\/td>\n<td>Masculino<\/td>\n<td>JUVENIL<\/td>\n<td>01:05:30<\/td>\n<\/tr>\n<tr>\n<td>Julio Rafael Mejias <\/td>\n<td>Masculino<\/td>\n<td>SUBMASTER      <\/td>\n<td>01:02:07<\/td>\n<\/tr>\n<tr>\n<td>Karia nelcary  Vallejo gonzalez <\/td>\n<td>Femenino<\/td>\n<td>SUBMASTER      <\/td>\n<td>01:52:50<\/td>\n<\/tr>\n<tr>\n<td>Karina Susana Tovar Mendoza<\/td>\n<td>Femenino<\/td>\n<td>MASTER A       <\/td>\n<td>00:52:23<\/td>\n<\/tr>\n<tr>\n<td>Katiuska isabel Marquez Marquez <\/td>\n<td>Femenino<\/td>\n<td>MASTER C       <\/td>\n<td>01:09:57<\/td>\n<\/tr>\n<tr>\n<td>Keibel Josue Aguirre Lopez<\/td>\n<td>Masculino<\/td>\n<td>LIBRE          <\/td>\n<td>00:54:44<\/td>\n<\/tr>\n<tr>\n<td>Leomar Alexander  P\u00e9rez Linares <\/td>\n<td>Masculino<\/td>\n<td>LIBRE          <\/td>\n<td>00:56:06<\/td>\n<\/tr>\n<tr>\n<td>Leonardo  Ariza<\/td>\n<td>Masculino<\/td>\n<td>JUVENIL        <\/td>\n<td>00:36:41<\/td>\n<\/tr>\n<tr>\n<td>Loendris  analia Uribe<\/td>\n<td>Femenino<\/td>\n<td>MASTER A       <\/td>\n<td>01:34:07<\/td>\n<\/tr>\n<tr>\n<td>Lorena Anais  M\u012frquez Flores<\/td>\n<td>Femenino<\/td>\n<td>SUBMASTER      <\/td>\n<td>00:54:30<\/td>\n<\/tr>\n<tr>\n<td>Luis Fernando Ramirez Guevara<\/td>\n<td>Masculino<\/td>\n<td>MASTER A       <\/td>\n<td>01:36:57<\/td>\n<\/tr>\n<tr>\n<td>Luis Jesus Ochoa Martinez<\/td>\n<td>Masculino<\/td>\n<td>JUVENIL<\/td>\n<td>01:32:38<\/td>\n<\/tr>\n<tr>\n<td>Luis Mario  Figuera Freites <\/td>\n<td>Masculino<\/td>\n<td>LIBRE<\/td>\n<td>00:56:27<\/td>\n<\/tr>\n<tr>\n<td>Luisana Carolina  Hern\u012fndez Moreno <\/td>\n<td>Femenino<\/td>\n<td>SUBMASTER      <\/td>\n<td>01:15:54<\/td>\n<\/tr>\n<tr>\n<td>Luz Marina Cristancho Aristigueta <\/td>\n<td>Femenino<\/td>\n<td>MASTER A       <\/td>\n<td>01:32:12<\/td>\n<\/tr>\n<tr>\n<td>Maena Mar Chirel Palma<\/td>\n<td>Femenino<\/td>\n<td>SUBMASTER      <\/td>\n<td>01:23:40<\/td>\n<\/tr>\n<tr>\n<td>Mardennys jhoseline  Flores G\u00f3mez <\/td>\n<td>Femenino<\/td>\n<td>LIBRE          <\/td>\n<td>01:53:03<\/td>\n<\/tr>\n<tr>\n<td>Maria Estelita  Diaz Sanchez<\/td>\n<td>Femenino<\/td>\n<td>MASTER C       <\/td>\n<td>01:11:08<\/td>\n<\/tr>\n<tr>\n<td>Mar\u0137a Alejandra  Ben\u0137tez Rivas <\/td>\n<td>Femenino<\/td>\n<td>SUBMASTER      <\/td>\n<td>01:38:44<\/td>\n<\/tr>\n<tr>\n<td>Mar\u0137a eugenia Quiroz<\/td>\n<td>Femenino<\/td>\n<td>MASTER A       <\/td>\n<td>01:28:34<\/td>\n<\/tr>\n<tr>\n<td>Mery Amalia Tovar Mendoza <\/td>\n<td>Femenino<\/td>\n<td>MASTER C       <\/td>\n<td>00:58:54<\/td>\n<\/tr>\n<tr>\n<td>Miguel Eduardo Ch\u012fvez Romero<\/td>\n<td>Masculino<\/td>\n<td>SUBMASTER      <\/td>\n<td>00:51:57<\/td>\n<\/tr>\n<tr>\n<td>Neberson Moises Merchan<\/td>\n<td>Masculino<\/td>\n<td>LIBRE<\/td>\n<td>01:35:40<\/td>\n<\/tr>\n<tr>\n<td>Nelson. Enrique Quijano Maldonado<\/td>\n<td>Masculino<\/td>\n<td>MASTER C       <\/td>\n<td>01:34:56<\/td>\n<\/tr>\n<tr>\n<td>Paula Carolina  S\u012fnchez Flores <\/td>\n<td>Femenino<\/td>\n<td>LIBRE          <\/td>\n<td>01:04:36<\/td>\n<\/tr>\n<tr>\n<td>Pedro  Cariel<\/td>\n<td>Masculino<\/td>\n<td>MASTER A       <\/td>\n<td>00:41:50<\/td>\n<\/tr>\n<tr>\n<td>Richard Agust\u0137n  V\u012fsquez <\/td>\n<td>Masculino<\/td>\n<td>MASTER A       <\/td>\n<td>00:42:05<\/td>\n<\/tr>\n<tr>\n<td>Robert Alexander  Flores <\/td>\n<td>Masculino<\/td>\n<td>MASTER A       <\/td>\n<td>00:53:15<\/td>\n<\/tr>\n<tr>\n<td>Rosa Cristina MATUTE Betancourt <\/td>\n<td>Femenino<\/td>\n<td>MASTER A       <\/td>\n<td>01:24:00<\/td>\n<\/tr>\n<tr>\n<td>Rosmar de los Angeles Rosales Camacho<\/td>\n<td>Femenino<\/td>\n<td>JUVENIL        <\/td>\n<td>00:56:33<\/td>\n<\/tr>\n<tr>\n<td>Rowil Rafael  Hern\u012fndez Salas<\/td>\n<td>Masculino<\/td>\n<td>SUBMASTER      <\/td>\n<td>01:40:23<\/td>\n<\/tr>\n<tr>\n<td>Roy yorvan Rosales camacho<\/td>\n<td>Masculino<\/td>\n<td>LIBRE          <\/td>\n<td>00:54:18<\/td>\n<\/tr>\n<tr>\n<td>Samuel Alejandro  Colmenarez Cayone<\/td>\n<td>Masculino<\/td>\n<td>LIBRE          <\/td>\n<td>01:26:05<\/td>\n<\/tr>\n<tr>\n<td>Thomas Arturo Uzcategui Larez<\/td>\n<td>Masculino<\/td>\n<td>LIBRE          <\/td>\n<td>01:48:02<\/td>\n<\/tr>\n<tr>\n<td>Vogar Enrique  Mart\u0137nez L\u00f3pez <\/td>\n<td>Masculino<\/td>\n<td>SUBMASTER      <\/td>\n<td>01:35:54<\/td>\n<\/tr>\n<tr>\n<td>Williams Arturo  Fontalba Lorca <\/td>\n<td>Masculino<\/td>\n<td>SUBMASTER      <\/td>\n<td>01:12:16<\/td>\n<\/tr>\n<tr>\n<td>Willians Jes\u015bs Galeno Rivas<\/td>\n<td>Masculino<\/td>\n<td>LIBRE          <\/td>\n<td>01:23:51<\/td>\n<\/tr>\n<tr>\n<td>Yassert Enrique Marin Viloria<\/td>\n<td>Masculino<\/td>\n<td>LIBRE          <\/td>\n<td>00:54:37<\/td>\n<\/tr>\n<tr>\n<td>Yelitza Coromoto Quevedo palacios <\/td>\n<td>Femenino<\/td>\n<td>SUBMASTER      <\/td>\n<td>01:46:37<\/td>\n<\/tr>\n<tr>\n<td>Yoleida Carolina  Navarro S\u012fnchez <\/td>\n<td>Femenino<\/td>\n<td>MASTER A       <\/td>\n<td>01:53:40<\/td>\n<\/tr>\n<tr>\n<td>Yorlan Maruja Barroeta Gonz\u012flez<\/td>\n<td>Femenino<\/td>\n<td>MASTER C       <\/td>\n<td>01:15:43<\/td>\n<\/tr>\n<tr>\n<td>Yoset Manuel Torrealba Quevedo<\/td>\n<td>Masculino<\/td>\n<td>JUVENIL        <\/td>\n<td>01:36:12<\/td>\n<\/tr>\n<tr>\n<td>Yulidys  Guerra<\/td>\n<td>Femenino<\/td>\n<td>SUBMASTER      <\/td>\n<td>01:36:49<\/td>\n<\/tr>\n<\/table>\n<\/div>\n<\/div>\n\t\t\t\t\t\t\t\t<\/div>\n\t\t\t\t<\/div>\n\t\t\t\t<\/div>\n\t\t\t\t<\/div>\n\t\t","protected":false},"excerpt":{"rendered":"","protected":false},"author":1,"featured_media":0,"parent":0,"menu_order":0,"comment_status":"closed","ping_status":"closed","template":"","meta":{"_crdt_document":"","_EventAllDay":false,"_EventTimezone":"","_EventStartDate":"","_EventEndDate":"","_EventStartDateUTC":"","_EventEndDateUTC":"","_EventShowMap":false,"_EventShowMapLink":false,"_EventURL":"","_EventCost":"","_EventCostDescription":"","_EventCurrencySymbol":"","_EventCurrencyCode":"","_EventCurrencyPosition":"","_EventDateTimeSeparator":"","_EventTimeRangeSeparator":"","_EventOrganizerID":[],"_EventVenueID":[],"_OrganizerEmail":"","_OrganizerPhone":"","_OrganizerWebsite":"","_VenueAddress":"","_VenueCity":"","_VenueCountry":"","_VenueProvince":"","_VenueState":"","_VenueZip":"","_VenuePhone":"","_VenueURL":"","_VenueStateProvince":"","_VenueLat":"","_VenueLng":"","_VenueShowMap":false,"_VenueShowMapLink":false,"_kadence_starter_templates_imported_post":false,"footnotes":""},"class_list":["post-73","page","type-page","status-publish","hentry"],"_links":{"self":[{"href":"https:\/\/ranking.com.ve\/index.php\/wp-json\/wp\/v2\/pages\/73","targetHints":{"allow":["GET"]}}],"collection":[{"href":"https:\/\/ranking.com.ve\/index.php\/wp-json\/wp\/v2\/pages"}],"about":[{"href":"https:\/\/ranking.com.ve\/index.php\/wp-json\/wp\/v2\/types\/page"}],"author":[{"embeddable":true,"href":"https:\/\/ranking.com.ve\/index.php\/wp-json\/wp\/v2\/users\/1"}],"replies":[{"embeddable":true,"href":"https:\/\/ranking.com.ve\/index.php\/wp-json\/wp\/v2\/comments?post=73"}],"version-history":[{"count":43,"href":"https:\/\/ranking.com.ve\/index.php\/wp-json\/wp\/v2\/pages\/73\/revisions"}],"predecessor-version":[{"id":545,"href":"https:\/\/ranking.com.ve\/index.php\/wp-json\/wp\/v2\/pages\/73\/revisions\/545"}],"wp:attachment":[{"href":"https:\/\/ranking.com.ve\/index.php\/wp-json\/wp\/v2\/media?parent=73"}],"curies":[{"name":"wp","href":"https:\/\/api.w.org\/{rel}","templated":true}]}}